{"id":2508,"date":"2013-12-16T19:45:19","date_gmt":"2013-12-16T19:45:19","guid":{"rendered":"http:\/\/impreza.us-themes.net\/?page_id=2508"},"modified":"2025-07-01T16:36:22","modified_gmt":"2025-07-01T14:36:22","slug":"faq-page","status":"publish","type":"page","link":"https:\/\/halterego-bikini.com\/index.php\/faq-page\/","title":{"rendered":"FAQ Page"},"content":{"rendered":"<section class=\"l-section wpb_row height_medium color_primary with_img\"><div class=\"l-section-img\" style=\"background-image: url(https:\/\/halterego-bikini.com\/wp-content\/uploads\/2021\/12\/FOND-FOND2.jpg);\" data-img-width=\"2161\" data-img-height=\"1112\"><\/div><div class=\"l-section-h i-cf\"><div class=\"g-cols offset_small\"><div class=\"vc_col-sm-12 wpb_column vc_column_container\"><div class=\"vc_column-inner\"><div class=\"wpb_text_column \"><div class=\"wpb_wrapper\">\n<h2 style=\"text-align: center;\"><strong>FOIRE AUX QUESTIONS<\/strong><\/h2>\n<\/div> <\/div> <div class=\"w-separator type_invisible size_huge thick_1 style_solid color_border cont_none\"><span class=\"w-separator-h\"><\/span><\/div><\/div><\/div><\/div><\/div><\/section><section class=\"l-section wpb_row height_medium\"><div class=\"l-section-h i-cf\"><div class=\"g-cols offset_small\"><div class=\"vc_col-sm-12 wpb_column vc_column_container\"><div class=\"vc_column-inner\"><div class=\"w-tabs layout_default accordion type_togglable title_left icon_chevron iconpos_right \"><div class=\"w-tabs-list items_9\"><div class=\"w-tabs-list-h\"><div class=\"w-tabs-item with_icon\"><div class=\"w-tabs-item-h\"><i class=\"fa fa-question-circle\"><\/i><span class=\"w-tabs-item-title\">Puis-je cr\u00e9er un bikini avec un design personnalis\u00e9 ?<\/span><\/div><\/div>\n<div class=\"w-tabs-item with_icon\"><div class=\"w-tabs-item-h\"><i class=\"fa fa-question-circle\"><\/i><span class=\"w-tabs-item-title\">J\u2019ai besoin d\u2019un bikini rapidement, comment faire ?<\/span><\/div><\/div>\n<div class=\"w-tabs-item with_icon\"><div class=\"w-tabs-item-h\"><i class=\"fa fa-question-circle\"><\/i><span class=\"w-tabs-item-title\">A quel moment prendre mes mensurations<\/span><\/div><\/div>\n<div class=\"w-tabs-item with_icon\"><div class=\"w-tabs-item-h\"><i class=\"fa fa-question-circle\"><\/i><span class=\"w-tabs-item-title\">Comment savoir quelle forme de bonnet choisir ?<\/span><\/div><\/div>\n<div class=\"w-tabs-item with_icon\"><div class=\"w-tabs-item-h\"><i class=\"fa fa-question-circle\"><\/i><span class=\"w-tabs-item-title\">J\u2019ai une petite poitrine, quelle forme choisir<\/span><\/div><\/div>\n<div class=\"w-tabs-item with_icon\"><div class=\"w-tabs-item-h\"><i class=\"fa fa-question-circle\"><\/i><span class=\"w-tabs-item-title\">Quels sont les d\u00e9lais de livraison et quand dois- je commander ?<\/span><\/div><\/div>\n<div class=\"w-tabs-item with_icon\"><div class=\"w-tabs-item-h\"><i class=\"fa fa-question-circle\"><\/i><span class=\"w-tabs-item-title\">Quelles sont les conditions de paiement ?<\/span><\/div><\/div>\n<div class=\"w-tabs-item with_icon\"><div class=\"w-tabs-item-h\"><i class=\"fa fa-question-circle\"><\/i><span class=\"w-tabs-item-title\">Comment bien porter mon bikini ?<\/span><\/div><\/div>\n<div class=\"w-tabs-item with_icon\"><div class=\"w-tabs-item-h\"><i class=\"fa fa-question-circle\"><\/i><span class=\"w-tabs-item-title\">Comment entretenir mon bikini ?<\/span><\/div><\/div>\n<\/div><\/div><div class=\"w-tabs-sections\"><div class=\"w-tabs-sections-h\"><div class=\"w-tabs-section with_icon\"><div class=\"w-tabs-section-header\"><div class=\"w-tabs-section-header-h\"><i class=\"fa fa-question-circle\"><\/i><h5 class=\"w-tabs-section-title\">Puis-je cr\u00e9er un bikini avec un design personnalis\u00e9 ?<\/h5><div class=\"w-tabs-section-control\"><\/div><\/div><\/div><div class=\"w-tabs-section-content\"><div class=\"w-tabs-section-content-h i-cf\"><div class=\"wpb_text_column \"><div class=\"wpb_wrapper\"><p>Tous les bikinis sur mesure sont 100% personnalisables. Vous pouvez vous inspirer d\u2019un mod\u00e8le existant et modifier certains \u00e9l\u00e9ments. Ou nous pouvons cr\u00e9er, ensemble, un mod\u00e8le unique \u00e0 partir de vos choix de couleurs, design, forme &#8230;Nous sommes l\u00e0 pour vous conseiller et vous orienter dans la r\u00e9alisation de votre bikini sur mesure.<\/p><\/div> <\/div> <\/div><\/div><\/div><div class=\"w-tabs-section with_icon\"><div class=\"w-tabs-section-header\"><div class=\"w-tabs-section-header-h\"><i class=\"fa fa-question-circle\"><\/i><h5 class=\"w-tabs-section-title\">J\u2019ai besoin d\u2019un bikini rapidement, comment faire ?<\/h5><div class=\"w-tabs-section-control\"><\/div><\/div><\/div><div class=\"w-tabs-section-content\"><div class=\"w-tabs-section-content-h i-cf\"><div class=\"wpb_text_column \"><div class=\"wpb_wrapper\"><p>Nous vous conseillons dans un premier temps de regarder tous les bikinis en stock si un mod\u00e8le vous convient et de compl\u00e9ter votre achat par un message priv\u00e9 afin que l\u2019on envoie le bikini rapidement. Pour un bikini sur mesure, nous contacter directement, selon les p\u00e9riodes et le d\u00e9lai demand\u00e9 nous pouvons nous faire passer en priorit\u00e9 afin de r\u00e9pondre \u00e0 votre demande dans la mesure du possible.<\/p><\/div> <\/div> <\/div><\/div><\/div><div class=\"w-tabs-section with_icon\"><div class=\"w-tabs-section-header\"><div class=\"w-tabs-section-header-h\"><i class=\"fa fa-question-circle\"><\/i><h5 class=\"w-tabs-section-title\">A quel moment prendre mes mensurations<\/h5><div class=\"w-tabs-section-control\"><\/div><\/div><\/div><div class=\"w-tabs-section-content\"><div class=\"w-tabs-section-content-h i-cf\"><div class=\"wpb_text_column \"><div class=\"wpb_wrapper\"><p>Nous revenons vers vous au moment de cr\u00e9er votre bikini. Tous les bikinis sont faits pour s\u2019adapter aux variations de taille.<\/p><\/div> <\/div> <\/div><\/div><\/div><div class=\"w-tabs-section with_icon\"><div class=\"w-tabs-section-header\"><div class=\"w-tabs-section-header-h\"><i class=\"fa fa-question-circle\"><\/i><h5 class=\"w-tabs-section-title\">Comment savoir quelle forme de bonnet choisir ?<\/h5><div class=\"w-tabs-section-control\"><\/div><\/div><\/div><div class=\"w-tabs-section-content\"><div class=\"w-tabs-section-content-h i-cf\"><div class=\"wpb_text_column \"><div class=\"wpb_wrapper\"><p>D\u2019une fa\u00e7on g\u00e9n\u00e9rale choisissez la forme que vous aimez, c\u2019est votre bikini et le plus important c\u2019est que vous soyez \u00e0 l\u2019aise. Cependant nous tenons \u00e0 vous donner quelques conseils. Selon les f\u00e9d\u00e9rations certaines formes sont plus adapt\u00e9es que d\u2019autres.<\/p>\n<p>Par exemple, pour IFBB, le bonnet rond sera plus courant, alors que pour NPC, le triangle sera votre alli\u00e9.<\/p><\/div> <\/div> <\/div><\/div><\/div><div class=\"w-tabs-section with_icon\"><div class=\"w-tabs-section-header\"><div class=\"w-tabs-section-header-h\"><i class=\"fa fa-question-circle\"><\/i><h5 class=\"w-tabs-section-title\">J\u2019ai une petite poitrine, quelle forme choisir<\/h5><div class=\"w-tabs-section-control\"><\/div><\/div><\/div><div class=\"w-tabs-section-content\"><div class=\"w-tabs-section-content-h i-cf\"><div class=\"wpb_text_column \"><div class=\"wpb_wrapper\"><p>Les deux formes de bonnet sont adapt\u00e9es aux petites poitrines : les coques sont push-up et vous avez la possibilit\u00e9 de rajouter un insert extra push-up. Les bonnets sont bomb\u00e9s afin d\u2019accentuer l\u2019effet poitrine et la forme \u201cX\u201d recherch\u00e9 en bikini.<\/p><\/div> <\/div> <\/div><\/div><\/div><div class=\"w-tabs-section with_icon\"><div class=\"w-tabs-section-header\"><div class=\"w-tabs-section-header-h\"><i class=\"fa fa-question-circle\"><\/i><h5 class=\"w-tabs-section-title\">Quels sont les d\u00e9lais de livraison et quand dois- je commander ?<\/h5><div class=\"w-tabs-section-control\"><\/div><\/div><\/div><div class=\"w-tabs-section-content\"><div class=\"w-tabs-section-content-h i-cf\"><div class=\"wpb_text_column \"><div class=\"wpb_wrapper\"><p>Les d\u00e9lais de fabrication varient selon les p\u00e9riodes, nous vous conseillons de bloquer la r\u00e9servation (versement d\u2019un acompte) le plus t\u00f4t possible. Concernant la livraison nous travaillons avec DHL, le bikini arrive sous 48h (hors week-end), vous recevez un e-mail ainsi qu\u201dun SMS pour le suivi de votre colis. Une livraison en point relais est disponible.<\/p><\/div> <\/div> <\/div><\/div><\/div><div class=\"w-tabs-section with_icon\"><div class=\"w-tabs-section-header\"><div class=\"w-tabs-section-header-h\"><i class=\"fa fa-question-circle\"><\/i><h5 class=\"w-tabs-section-title\">Quelles sont les conditions de paiement ?<\/h5><div class=\"w-tabs-section-control\"><\/div><\/div><\/div><div class=\"w-tabs-section-content\"><div class=\"w-tabs-section-content-h i-cf\"><div class=\"wpb_text_column \"><div class=\"wpb_wrapper\"><p>Pour les commandes pass\u00e9es sur le site, le paiement se fait en une fois par virement bancaire ou paypal.<br \/>\nPour les commandes sur mesure le paiement se fait en 2 fois : un acompte de 50% pour bloquer la r\u00e9servation puis le solde avant l\u2019envoi du bikini.<\/p><\/div> <\/div> <\/div><\/div><\/div><div class=\"w-tabs-section with_icon\"><div class=\"w-tabs-section-header\"><div class=\"w-tabs-section-header-h\"><i class=\"fa fa-question-circle\"><\/i><h5 class=\"w-tabs-section-title\">Comment bien porter mon bikini ?<\/h5><div class=\"w-tabs-section-control\"><\/div><\/div><\/div><div class=\"w-tabs-section-content\"><div class=\"w-tabs-section-content-h i-cf\"><div class=\"wpb_text_column \"><div class=\"wpb_wrapper\"><p>Un bikini de sc\u00e8ne ne se porte pas comme un bikini de plage ! Il est important de bien le porter afin de mettre en avant sa condition physique.<\/p>\n<p>Pour le haut on vous conseille de vous faire aider par quelqu\u2019un (surtout le jour J) afin de le mettre correctement. Dans un premier temps, placer votre bikini, les baleines bien en dessous de la poitrine puis fixer correctement dans le dos. Dans un second temps, attacher dans le cou.<\/p>\n<p>Pour la culotte, il est primordial de bien remonter les anses sur le bassin afin d\u2019allonger vos jambes et affiner votre taille.<\/p><\/div> <\/div> <\/div><\/div><\/div><div class=\"w-tabs-section with_icon\"><div class=\"w-tabs-section-header\"><div class=\"w-tabs-section-header-h\"><i class=\"fa fa-question-circle\"><\/i><h5 class=\"w-tabs-section-title\">Comment entretenir mon bikini ?<\/h5><div class=\"w-tabs-section-control\"><\/div><\/div><\/div><div class=\"w-tabs-section-content\"><div class=\"w-tabs-section-content-h i-cf\"><div class=\"wpb_text_column \"><div class=\"wpb_wrapper\"><p>Avant de monter sur sc\u00e8ne, vous pouvez passer un coup de chiffon doux sur le haut du bikini afin d\u2019enlever toutes traces de doigts, pour maintenir l\u2019effet de brillance.<br \/>\nApr\u00e8s la comp\u00e9tition, il vous suffit de faire tremper votre bikini dans de l\u2019eau ti\u00e8de avec du savon puis de le faire s\u00e9cher \u00e0 l\u2019air libre sur une serviette.<\/p><\/div> <\/div> <\/div><\/div><\/div><\/div><\/div><\/div><\/div><\/div><\/div><\/div><\/section>\n","protected":false},"excerpt":{"rendered":"FOIRE AUX QUESTIONS Puis-je cr\u00e9er un bikini avec un design personnalis\u00e9 ? J\u2019ai besoin d\u2019un bikini rapidement, comment faire ? A quel moment prendre mes mensurations Comment savoir quelle forme...","protected":false},"author":1,"featured_media":0,"parent":0,"menu_order":0,"comment_status":"closed","ping_status":"closed","template":"","meta":{"footnotes":""},"class_list":["post-2508","page","type-page","status-publish","hentry"],"yoast_head":"<!-- This site is optimized with the Yoast SEO plugin v27.4 - https:\/\/yoast.com\/product\/yoast-seo-wordpress\/ -->\n<title>FAQ Page -<\/title>\n<meta name=\"robots\" content=\"index, follow, max-snippet:-1, max-image-preview:large, max-video-preview:-1\" \/>\n<link rel=\"canonical\" href=\"https:\/\/halterego-bikini.com\/index.php\/faq-page\/\" \/>\n<meta property=\"og:locale\" content=\"fr_FR\" \/>\n<meta property=\"og:type\" content=\"article\" \/>\n<meta property=\"og:title\" content=\"FAQ Page -\" \/>\n<meta property=\"og:url\" content=\"https:\/\/halterego-bikini.com\/index.php\/faq-page\/\" \/>\n<meta property=\"article:modified_time\" content=\"2025-07-01T14:36:22+00:00\" \/>\n<meta name=\"twitter:card\" content=\"summary_large_image\" \/>\n<meta name=\"twitter:label1\" content=\"Dur\u00e9e de lecture estim\u00e9e\" \/>\n\t<meta name=\"twitter:data1\" content=\"4 minutes\" \/>\n<script type=\"application\/ld+json\" class=\"yoast-schema-graph\">{\"@context\":\"https:\\\/\\\/schema.org\",\"@graph\":[{\"@type\":\"WebPage\",\"@id\":\"https:\\\/\\\/halterego-bikini.com\\\/index.php\\\/faq-page\\\/\",\"url\":\"https:\\\/\\\/halterego-bikini.com\\\/index.php\\\/faq-page\\\/\",\"name\":\"FAQ Page -\",\"isPartOf\":{\"@id\":\"https:\\\/\\\/halterego-bikini.com\\\/#website\"},\"datePublished\":\"2013-12-16T19:45:19+00:00\",\"dateModified\":\"2025-07-01T14:36:22+00:00\",\"breadcrumb\":{\"@id\":\"https:\\\/\\\/halterego-bikini.com\\\/index.php\\\/faq-page\\\/#breadcrumb\"},\"inLanguage\":\"fr-FR\",\"potentialAction\":[{\"@type\":\"ReadAction\",\"target\":[\"https:\\\/\\\/halterego-bikini.com\\\/index.php\\\/faq-page\\\/\"]}]},{\"@type\":\"BreadcrumbList\",\"@id\":\"https:\\\/\\\/halterego-bikini.com\\\/index.php\\\/faq-page\\\/#breadcrumb\",\"itemListElement\":[{\"@type\":\"ListItem\",\"position\":1,\"name\":\"Accueil\",\"item\":\"https:\\\/\\\/halterego-bikini.com\\\/\"},{\"@type\":\"ListItem\",\"position\":2,\"name\":\"FAQ Page\"}]},{\"@type\":\"WebSite\",\"@id\":\"https:\\\/\\\/halterego-bikini.com\\\/#website\",\"url\":\"https:\\\/\\\/halterego-bikini.com\\\/\",\"name\":\"\",\"description\":\"\",\"potentialAction\":[{\"@type\":\"SearchAction\",\"target\":{\"@type\":\"EntryPoint\",\"urlTemplate\":\"https:\\\/\\\/halterego-bikini.com\\\/?s={search_term_string}\"},\"query-input\":{\"@type\":\"PropertyValueSpecification\",\"valueRequired\":true,\"valueName\":\"search_term_string\"}}],\"inLanguage\":\"fr-FR\"}]}<\/script>\n<!-- \/ Yoast SEO plugin. -->","yoast_head_json":{"title":"FAQ Page -","robots":{"index":"index","follow":"follow","max-snippet":"max-snippet:-1","max-image-preview":"max-image-preview:large","max-video-preview":"max-video-preview:-1"},"canonical":"https:\/\/halterego-bikini.com\/index.php\/faq-page\/","og_locale":"fr_FR","og_type":"article","og_title":"FAQ Page -","og_url":"https:\/\/halterego-bikini.com\/index.php\/faq-page\/","article_modified_time":"2025-07-01T14:36:22+00:00","twitter_card":"summary_large_image","twitter_misc":{"Dur\u00e9e de lecture estim\u00e9e":"4 minutes"},"schema":{"@context":"https:\/\/schema.org","@graph":[{"@type":"WebPage","@id":"https:\/\/halterego-bikini.com\/index.php\/faq-page\/","url":"https:\/\/halterego-bikini.com\/index.php\/faq-page\/","name":"FAQ Page -","isPartOf":{"@id":"https:\/\/halterego-bikini.com\/#website"},"datePublished":"2013-12-16T19:45:19+00:00","dateModified":"2025-07-01T14:36:22+00:00","breadcrumb":{"@id":"https:\/\/halterego-bikini.com\/index.php\/faq-page\/#breadcrumb"},"inLanguage":"fr-FR","potentialAction":[{"@type":"ReadAction","target":["https:\/\/halterego-bikini.com\/index.php\/faq-page\/"]}]},{"@type":"BreadcrumbList","@id":"https:\/\/halterego-bikini.com\/index.php\/faq-page\/#breadcrumb","itemListElement":[{"@type":"ListItem","position":1,"name":"Accueil","item":"https:\/\/halterego-bikini.com\/"},{"@type":"ListItem","position":2,"name":"FAQ Page"}]},{"@type":"WebSite","@id":"https:\/\/halterego-bikini.com\/#website","url":"https:\/\/halterego-bikini.com\/","name":"","description":"","potentialAction":[{"@type":"SearchAction","target":{"@type":"EntryPoint","urlTemplate":"https:\/\/halterego-bikini.com\/?s={search_term_string}"},"query-input":{"@type":"PropertyValueSpecification","valueRequired":true,"valueName":"search_term_string"}}],"inLanguage":"fr-FR"}]}},"_links":{"self":[{"href":"https:\/\/halterego-bikini.com\/index.php\/wp-json\/wp\/v2\/pages\/2508","targetHints":{"allow":["GET"]}}],"collection":[{"href":"https:\/\/halterego-bikini.com\/index.php\/wp-json\/wp\/v2\/pages"}],"about":[{"href":"https:\/\/halterego-bikini.com\/index.php\/wp-json\/wp\/v2\/types\/page"}],"author":[{"embeddable":true,"href":"https:\/\/halterego-bikini.com\/index.php\/wp-json\/wp\/v2\/users\/1"}],"replies":[{"embeddable":true,"href":"https:\/\/halterego-bikini.com\/index.php\/wp-json\/wp\/v2\/comments?post=2508"}],"version-history":[{"count":4,"href":"https:\/\/halterego-bikini.com\/index.php\/wp-json\/wp\/v2\/pages\/2508\/revisions"}],"predecessor-version":[{"id":11524,"href":"https:\/\/halterego-bikini.com\/index.php\/wp-json\/wp\/v2\/pages\/2508\/revisions\/11524"}],"wp:attachment":[{"href":"https:\/\/halterego-bikini.com\/index.php\/wp-json\/wp\/v2\/media?parent=2508"}],"curies":[{"name":"wp","href":"https:\/\/api.w.org\/{rel}","templated":true}]}}