{"id":2565,"date":"2013-12-17T09:39:11","date_gmt":"2013-12-17T09:39:11","guid":{"rendered":"http:\/\/impreza.us-themes.net\/?page_id=2565"},"modified":"2025-07-01T16:15:59","modified_gmt":"2025-07-01T14:15:59","slug":"person-page","status":"publish","type":"page","link":"https:\/\/halterego-bikini.com\/index.php\/person-page\/","title":{"rendered":"A propos"},"content":{"rendered":"<section class=\"l-section wpb_row height_medium with_img\"><div class=\"l-section-img\" style=\"background-image: url(https:\/\/halterego-bikini.com\/wp-content\/uploads\/2021\/12\/fond-dd.jpg);\" data-img-width=\"1903\" data-img-height=\"395\"><\/div><div class=\"l-section-h i-cf\"><div class=\"g-cols offset_small\"><div class=\"vc_col-sm-12 wpb_column vc_column_container\"><div class=\"vc_column-inner\"><\/div><\/div><\/div><\/div><\/section><section class=\"l-section wpb_row height_medium\"><div class=\"l-section-h i-cf\"><div class=\"g-cols offset_small\"><div class=\"vc_col-sm-6 wpb_column vc_column_container\"><div class=\"vc_column-inner\"><div class=\"wpb_text_column \"><div class=\"wpb_wrapper\">\n<blockquote>\n<h2 style=\"text-align: justify;\"><strong>HALTERE<\/strong> &amp; GO<\/h2>\n<\/blockquote>\n<h5 style=\"text-align: justify;\">Cr\u00e9ateur de Bikini de comp\u00e9tition<\/h5>\n<p style=\"text-align: justify;\">Haltere&amp;go a \u00e9t\u00e9 cr\u00e9e en 2019 afin de proposer une marque fran\u00e7aise de bikini de comp\u00e9tition.<br \/>\nNous cherchons constamment \u00e0 faire \u00e9voluer notre marque dans l\u2019optique de r\u00e9pondre aux exigences et aux demandes de notre client\u00e8le.<\/p>\n<p style=\"text-align: justify;\">La satisfaction de nos comp\u00e9titrices, le savoir-faire, l\u2019innovation et la qualit\u00e9 font partie int\u00e9grante de nos valeurs.<\/p>\n<ul>\n<li><strong>La satisfaction<\/strong> : Nous mettons un point d\u2019honneur \u00e0 suivre et accompagner chacune de nos clientes.<\/li>\n<li><strong>Le savoir-faire<\/strong> : Tous nos bikinis sont con\u00e7us enti\u00e8rement \u00e0 la main.<\/li>\n<li><strong>L\u2019innovation<\/strong> : Nous cherchons quotidiennement de nouveaux designs, de nouvelles couleurs et nuances de strass ainsi que les derni\u00e8res tendances !<\/li>\n<li><strong>La qualit\u00e9<\/strong> : Chaque mat\u00e9riau est choisi et s\u00e9lectionn\u00e9 pour sa qualit\u00e9 (strass, velours, sac de rangement, connecteurs &#8230;)<\/li>\n<\/ul>\n<p>Nous vous remercions de faire vivre la marque chaque jour, de nous accorder votre confiance et de nous emmener sur sc\u00e8ne \u00e0 vos c\u00f4t\u00e9s !<\/div> <\/div> <\/div><\/div><div class=\"vc_col-sm-6 wpb_column vc_column_container\"><div class=\"vc_column-inner\"><div class=\"w-image align_right animate_afr d2\"><div class=\"us-frame\"><img loading=\"lazy\" decoding=\"async\" width=\"800\" height=\"526\" src=\"https:\/\/halterego-bikini.com\/wp-content\/uploads\/2020\/11\/propos.jpg\" class=\"attachment-full size-full\" alt=\"\" srcset=\"https:\/\/halterego-bikini.com\/wp-content\/uploads\/2020\/11\/propos.jpg 800w, https:\/\/halterego-bikini.com\/wp-content\/uploads\/2020\/11\/propos-600x395.jpg 600w, https:\/\/halterego-bikini.com\/wp-content\/uploads\/2020\/11\/propos-300x197.jpg 300w, https:\/\/halterego-bikini.com\/wp-content\/uploads\/2020\/11\/propos-768x505.jpg 768w\" sizes=\"auto, (max-width: 800px) 100vw, 800px\" \/><\/div><\/div><\/div><\/div><\/div><\/div><\/section><section class=\"l-section wpb_row height_medium with_img\"><div class=\"l-section-img\" style=\"background-image: url(https:\/\/halterego-bikini.com\/wp-content\/uploads\/2021\/12\/fond-dd.jpg);\" data-img-width=\"1903\" data-img-height=\"395\"><\/div><div class=\"l-section-h i-cf\"><div class=\"g-cols offset_small\"><div class=\"vc_col-sm-12 wpb_column vc_column_container\"><div class=\"vc_column-inner\"><div class=\"wpb_text_column \"><div class=\"wpb_wrapper\">\n<h3 style=\"text-align: center;\">Nous suivre sur instagram<\/h3>\n<\/div> <\/div> <div class=\"w-btn-wrapper align_center\"><a class=\"w-btn style_outlined color_white icon_atleft\" href=\"https:\/\/www.instagram.com\/halterego.bikini\/\"><i class=\"fa fa-instagram\"><\/i><span class=\"w-btn-label\">Follow Me<\/span><\/a><\/div><\/div><\/div><\/div><\/div><\/section>\n","protected":false},"excerpt":{"rendered":"HALTERE &amp; GO Cr\u00e9ateur de Bikini de comp\u00e9tition Haltere&amp;go a \u00e9t\u00e9 cr\u00e9e en 2019 afin de proposer une marque fran\u00e7aise de bikini de comp\u00e9tition. Nous cherchons constamment \u00e0 faire \u00e9voluer...","protected":false},"author":1,"featured_media":0,"parent":0,"menu_order":0,"comment_status":"closed","ping_status":"closed","template":"","meta":{"footnotes":""},"class_list":["post-2565","page","type-page","status-publish","hentry"],"yoast_head":"<!-- This site is optimized with the Yoast SEO plugin v27.4 - https:\/\/yoast.com\/product\/yoast-seo-wordpress\/ -->\n<title>A propos -<\/title>\n<meta name=\"robots\" content=\"index, follow, max-snippet:-1, max-image-preview:large, max-video-preview:-1\" \/>\n<link rel=\"canonical\" href=\"https:\/\/halterego-bikini.com\/index.php\/person-page\/\" \/>\n<meta property=\"og:locale\" content=\"fr_FR\" \/>\n<meta property=\"og:type\" content=\"article\" \/>\n<meta property=\"og:title\" content=\"A propos -\" \/>\n<meta property=\"og:url\" content=\"https:\/\/halterego-bikini.com\/index.php\/person-page\/\" \/>\n<meta property=\"article:modified_time\" content=\"2025-07-01T14:15:59+00:00\" \/>\n<meta name=\"twitter:card\" content=\"summary_large_image\" \/>\n<meta name=\"twitter:label1\" content=\"Dur\u00e9e de lecture estim\u00e9e\" \/>\n\t<meta name=\"twitter:data1\" content=\"2 minutes\" \/>\n<script type=\"application\/ld+json\" class=\"yoast-schema-graph\">{\"@context\":\"https:\\\/\\\/schema.org\",\"@graph\":[{\"@type\":\"WebPage\",\"@id\":\"https:\\\/\\\/halterego-bikini.com\\\/index.php\\\/person-page\\\/\",\"url\":\"https:\\\/\\\/halterego-bikini.com\\\/index.php\\\/person-page\\\/\",\"name\":\"A propos -\",\"isPartOf\":{\"@id\":\"https:\\\/\\\/halterego-bikini.com\\\/#website\"},\"datePublished\":\"2013-12-17T09:39:11+00:00\",\"dateModified\":\"2025-07-01T14:15:59+00:00\",\"breadcrumb\":{\"@id\":\"https:\\\/\\\/halterego-bikini.com\\\/index.php\\\/person-page\\\/#breadcrumb\"},\"inLanguage\":\"fr-FR\",\"potentialAction\":[{\"@type\":\"ReadAction\",\"target\":[\"https:\\\/\\\/halterego-bikini.com\\\/index.php\\\/person-page\\\/\"]}]},{\"@type\":\"BreadcrumbList\",\"@id\":\"https:\\\/\\\/halterego-bikini.com\\\/index.php\\\/person-page\\\/#breadcrumb\",\"itemListElement\":[{\"@type\":\"ListItem\",\"position\":1,\"name\":\"Accueil\",\"item\":\"https:\\\/\\\/halterego-bikini.com\\\/\"},{\"@type\":\"ListItem\",\"position\":2,\"name\":\"A propos\"}]},{\"@type\":\"WebSite\",\"@id\":\"https:\\\/\\\/halterego-bikini.com\\\/#website\",\"url\":\"https:\\\/\\\/halterego-bikini.com\\\/\",\"name\":\"\",\"description\":\"\",\"potentialAction\":[{\"@type\":\"SearchAction\",\"target\":{\"@type\":\"EntryPoint\",\"urlTemplate\":\"https:\\\/\\\/halterego-bikini.com\\\/?s={search_term_string}\"},\"query-input\":{\"@type\":\"PropertyValueSpecification\",\"valueRequired\":true,\"valueName\":\"search_term_string\"}}],\"inLanguage\":\"fr-FR\"}]}<\/script>\n<!-- \/ Yoast SEO plugin. -->","yoast_head_json":{"title":"A propos -","robots":{"index":"index","follow":"follow","max-snippet":"max-snippet:-1","max-image-preview":"max-image-preview:large","max-video-preview":"max-video-preview:-1"},"canonical":"https:\/\/halterego-bikini.com\/index.php\/person-page\/","og_locale":"fr_FR","og_type":"article","og_title":"A propos -","og_url":"https:\/\/halterego-bikini.com\/index.php\/person-page\/","article_modified_time":"2025-07-01T14:15:59+00:00","twitter_card":"summary_large_image","twitter_misc":{"Dur\u00e9e de lecture estim\u00e9e":"2 minutes"},"schema":{"@context":"https:\/\/schema.org","@graph":[{"@type":"WebPage","@id":"https:\/\/halterego-bikini.com\/index.php\/person-page\/","url":"https:\/\/halterego-bikini.com\/index.php\/person-page\/","name":"A propos -","isPartOf":{"@id":"https:\/\/halterego-bikini.com\/#website"},"datePublished":"2013-12-17T09:39:11+00:00","dateModified":"2025-07-01T14:15:59+00:00","breadcrumb":{"@id":"https:\/\/halterego-bikini.com\/index.php\/person-page\/#breadcrumb"},"inLanguage":"fr-FR","potentialAction":[{"@type":"ReadAction","target":["https:\/\/halterego-bikini.com\/index.php\/person-page\/"]}]},{"@type":"BreadcrumbList","@id":"https:\/\/halterego-bikini.com\/index.php\/person-page\/#breadcrumb","itemListElement":[{"@type":"ListItem","position":1,"name":"Accueil","item":"https:\/\/halterego-bikini.com\/"},{"@type":"ListItem","position":2,"name":"A propos"}]},{"@type":"WebSite","@id":"https:\/\/halterego-bikini.com\/#website","url":"https:\/\/halterego-bikini.com\/","name":"","description":"","potentialAction":[{"@type":"SearchAction","target":{"@type":"EntryPoint","urlTemplate":"https:\/\/halterego-bikini.com\/?s={search_term_string}"},"query-input":{"@type":"PropertyValueSpecification","valueRequired":true,"valueName":"search_term_string"}}],"inLanguage":"fr-FR"}]}},"_links":{"self":[{"href":"https:\/\/halterego-bikini.com\/index.php\/wp-json\/wp\/v2\/pages\/2565","targetHints":{"allow":["GET"]}}],"collection":[{"href":"https:\/\/halterego-bikini.com\/index.php\/wp-json\/wp\/v2\/pages"}],"about":[{"href":"https:\/\/halterego-bikini.com\/index.php\/wp-json\/wp\/v2\/types\/page"}],"author":[{"embeddable":true,"href":"https:\/\/halterego-bikini.com\/index.php\/wp-json\/wp\/v2\/users\/1"}],"replies":[{"embeddable":true,"href":"https:\/\/halterego-bikini.com\/index.php\/wp-json\/wp\/v2\/comments?post=2565"}],"version-history":[{"count":4,"href":"https:\/\/halterego-bikini.com\/index.php\/wp-json\/wp\/v2\/pages\/2565\/revisions"}],"predecessor-version":[{"id":6619,"href":"https:\/\/halterego-bikini.com\/index.php\/wp-json\/wp\/v2\/pages\/2565\/revisions\/6619"}],"wp:attachment":[{"href":"https:\/\/halterego-bikini.com\/index.php\/wp-json\/wp\/v2\/media?parent=2565"}],"curies":[{"name":"wp","href":"https:\/\/api.w.org\/{rel}","templated":true}]}}